{"id":644,"date":"2018-11-28T10:50:17","date_gmt":"2018-11-28T09:50:17","guid":{"rendered":"http:\/\/lesflousduvolant.com\/?page_id=644"},"modified":"2018-11-28T10:51:24","modified_gmt":"2018-11-28T09:51:24","slug":"mentions-legales","status":"publish","type":"page","link":"https:\/\/lesflousduvolant.com\/index.php\/mentions-legales\/","title":{"rendered":"Mentions l\u00e9gales"},"content":{"rendered":"<div id=\"primary\" class=\"vce-main-content\">\n<article id=\"post-1346\" class=\"vce-page post-1346 page type-page status-publish hentry\">\n<header class=\"entry-header\">\n<h1 class=\"entry-title entry-title-page\">Mentions L\u00e9gales \u2013 Impressum<\/h1>\n<\/header>\n<div class=\"entry-content page-content\">\n<p>&nbsp;<\/p>\n<p><strong>Le site internet lesflousduvolant.com\u00a0est \u00e9dit\u00e9 par Pierre Sumy<\/strong><\/p>\n<p><strong>H\u00e9bergeur :<\/strong><strong><br \/>\n<\/strong>Les Flous du Volant est actuellement h\u00e9berg\u00e9 par OVH\u00a0:<br \/>\n2 rue Kellermann<br \/>\n59100 ROUBAIX<br \/>\nFrance<br \/>\nPour contacter cet h\u00e9bergeur\u00a0: http:\/\/www.ovh.com\/fr\/support\/<\/p>\n<p><strong>Propri\u00e9t\u00e9 intellectuelle \/ Copyright :<\/strong><strong><br \/>\n<\/strong>La structure g\u00e9n\u00e9rale ainsi que les logiciels, textes, images anim\u00e9es ou non, son savoir-faire et tous les autres \u00e9l\u00e9ments composant le site sont la propri\u00e9t\u00e9 exclusive de lesflousduvolant.com.<br \/>\nLes logos et marques des soci\u00e9t\u00e9s cit\u00e9es sur le site sont la propri\u00e9t\u00e9 exclusive de leurs auteurs respectifs.<br \/>\nL\u2019ensemble des publications, textes, images et vid\u00e9os, pr\u00e9sent\u00e9s sur ce site appartiennent \u00e0 Les Flous du Volant, sauf mention contraire (certains contenus \u00e9manant des services presses et kit m\u00e9dia des marques). Il est interdit de les copier, reproduire ou redistribuer sous quelque forme que ce soit, \u00e0 moins d\u2019une autorisation pr\u00e9alable.<\/p>\n<p><strong>Avertissement g\u00e9n\u00e9ral :<\/strong><strong><br \/>\n<\/strong>La consultation du site www.lesflousduvolant.com\u00a0 est propos\u00e9e aux internautes \u00e0 titre gratuit et sans aucune garantie de la part de son \u00e9diteur.<br \/>\nLes informations disponibles sur le site qui proviennent de sources ext\u00e9rieures ne sauraient garantir qu\u2019elles sont exemptes d\u2019erreurs, ni garantir leur compl\u00e9tude, leur actualit\u00e9, leur exhaustivit\u00e9 ou autre.<br \/>\nEn cons\u00e9quence, il appartient \u00e0 l\u2019internaute d\u2019utiliser les informations figurant sur le site Internet \u00e0 ses risques et de proc\u00e9der \u00e0 toute v\u00e9rification sous sa responsabilit\u00e9 exclusive.<br \/>\nLes flous du Volant ne sauraient \u00eatre tenus responsables de l\u2019interpr\u00e9tation faite par les internautes, quelle qu\u2019elle soit, de tous les renseignements, informations et conseils propos\u00e9s sur le site, et des cons\u00e9quences pouvant en d\u00e9couler..<\/p>\n<p><strong>Utilisation de Cookies :<\/strong><strong><br \/>\n<\/strong>lesflousduvolant.com\u00a0 vous informe qu\u2019un ou plusieurs cookies (amis diab\u00e9tiques, soyez rassur\u00e9s, ce sont des fichiers informatiques, et non des sucreries) peuvent s\u2019installer automatiquement sur le disque dur de votre ordinateur lors de votre visite sur le site, ils servent notamment au suivi des statistiques de visite du site. Ils ne sont pas exploit\u00e9s \u00e0 des fins commerciales.<\/p>\n<p><strong>Cr\u00e9dits et copyright photos<\/strong><\/p>\n<p>Les cr\u00e9dits et copyright des visuels et des photos pr\u00e9sents sur Les Flous du Volant sont signal\u00e9s dans les articles lorsqu\u2019ils proviennent d\u2019un professionnel avec son accord, \u00e0 d\u00e9faut celles-ci proviennent de l\u2019un des sites de photos libres de droit en cr\u00e9ative commons (Flickr, Pixabay\u2026) ou proviennent de partenaires avec leur validation.<\/p>\n<\/div>\n<\/article>\n<\/div>\n","protected":false},"excerpt":{"rendered":"<p>Mentions L\u00e9gales \u2013 Impressum &nbsp; Le site internet lesflousduvolant.com\u00a0est \u00e9dit\u00e9 par Pierre Sumy H\u00e9bergeur : Les Flous du Volant est<\/p>\n","protected":false},"author":1,"featured_media":0,"parent":0,"menu_order":0,"comment_status":"closed","ping_status":"closed","template":"","meta":{"spay_email":"","footnotes":""},"class_list":["post-644","page","type-page","status-publish","hentry"],"jetpack_sharing_enabled":true,"jetpack_shortlink":"https:\/\/wp.me\/P9eu5e-ao","jetpack_likes_enabled":true,"_links":{"self":[{"href":"https:\/\/lesflousduvolant.com\/index.php\/wp-json\/wp\/v2\/pages\/644","targetHints":{"allow":["GET"]}}],"collection":[{"href":"https:\/\/lesflousduvolant.com\/index.php\/wp-json\/wp\/v2\/pages"}],"about":[{"href":"https:\/\/lesflousduvolant.com\/index.php\/wp-json\/wp\/v2\/types\/page"}],"author":[{"embeddable":true,"href":"https:\/\/lesflousduvolant.com\/index.php\/wp-json\/wp\/v2\/users\/1"}],"replies":[{"embeddable":true,"href":"https:\/\/lesflousduvolant.com\/index.php\/wp-json\/wp\/v2\/comments?post=644"}],"version-history":[{"count":1,"href":"https:\/\/lesflousduvolant.com\/index.php\/wp-json\/wp\/v2\/pages\/644\/revisions"}],"predecessor-version":[{"id":645,"href":"https:\/\/lesflousduvolant.com\/index.php\/wp-json\/wp\/v2\/pages\/644\/revisions\/645"}],"wp:attachment":[{"href":"https:\/\/lesflousduvolant.com\/index.php\/wp-json\/wp\/v2\/media?parent=644"}],"curies":[{"name":"wp","href":"https:\/\/api.w.org\/{rel}","templated":true}]}}